{"id":65,"date":"2019-06-14T19:21:26","date_gmt":"2019-06-14T17:21:26","guid":{"rendered":"https:\/\/benevalibre.org\/site\/?page_id=65"},"modified":"2026-01-08T23:01:42","modified_gmt":"2026-01-08T22:01:42","slug":"accueil","status":"publish","type":"page","link":"https:\/\/benevalibre.org\/site\/","title":{"rendered":"B\u00e9n\u00e9valibre, un logiciel libre au service des associations"},"content":{"rendered":"\n<h3 class=\"wp-block-heading\">B\u00e9n\u00e9valibre facilite la gestion et la valorisation du b\u00e9n\u00e9volat dans les associations !<\/h3>\n\n\n<div class=\"wp-block-image\">\n<figure class=\"aligncenter\"><a href=\"https:\/\/app.benevalibre.org\" target=\"_blank\" rel=\"noreferrer noopener\"><img loading=\"lazy\" decoding=\"async\" width=\"141\" height=\"138\" src=\"https:\/\/benevalibre.org\/site\/wp-content\/uploads\/2019\/06\/logo2.png\" alt=\"\" class=\"wp-image-18\"\/><\/a><figcaption class=\"wp-element-caption\"><strong><a href=\"https:\/\/app.benevalibre.org\/\"> Acc\u00e8s \u00e0 l&rsquo;application web<\/a><\/strong><\/figcaption><\/figure>\n<\/div>\n\n\n<p>La valorisation du b\u00e9n\u00e9volat dans les structures  associatives devient de plus en plus n\u00e9cessaire.  Par exemple, pour celles qui choisissent de la mon\u00e9tariser, elle permet de relativiser la proportion  des subventions des collectivit\u00e9s ou de l\u2019\u00c9tat le cas  \u00e9ch\u00e9ant. Pour appr\u00e9hender tous les avantages qu\u2019il  peut y avoir \u00e0 valoriser, vous \u00eates invit\u00e9s \u00e0 parcourir \u00ab <a href=\"https:\/\/www.associations.gouv.fr\/sites\/default\/files\/2025-05\/guide_benevolat_2024-2025.pdf\">le guide du b\u00e9n\u00e9volat<\/a> \u00bb. Vous trouverez ainsi dans ce documents diff\u00e9rentes m\u00e9thodes pour le faire et cela vous permettra sans doute de trouver celle qui convient le mieux \u00e0 votre association et aux b\u00e9n\u00e9voles qui la compose.<\/p>\n\n\n\n<p> Pour r\u00e9ponde \u00e0 ce besoin, un collectif d\u2019associations a choisi de faire d\u00e9velopper et de mettre \u00e0 disposition un outil d\u00e9di\u00e9 : <strong><a href=\"https:\/\/app.benevalibre.org\">B\u00e9n\u00e9valibre<\/a><\/strong>. Destin\u00e9 principalement aux tr\u00e8s petites associations. M\u00eame si de nombreuses discussions ont eu lieu lors de la construction du cahier des charges et que les tentations \u00e9taient nombreuses et diverses de rajouter telle ou telle fonctionnalit\u00e9, le comit\u00e9 de pilotage a essay\u00e9 de garder comme ligne directrice la simplicit\u00e9 de l\u2019outil et a essay\u00e9 de penser aux b\u00e9n\u00e9voles qui ne sont pas \u00e0 l\u2019aise avec les outils num\u00e9riques.<\/p>\n\n\n\n<p>Enfin, rappelons que la loi \u00e9volue : la cr\u00e9ation r\u00e9cente d\u2019un compte d\u2019engagement<br> citoyen (<a href=\"http:\/\/www.service-public.fr\/particuliers\/vosdroits\/F34030\">CEC<\/a>)  au sein du Compte Personnel d\u2019Activit\u00e9 (<a href=\"https:\/\/competences.moncompteformation.gouv.fr\/espace-public\/\">CPA<\/a>), renforce l\u2019int\u00e9r\u00eat de proposer des solutions. Par exemple, pour attester des d\u00e9clarations li\u00e9es \u00e0 ces comptes, \u00ab <a href=\"https:\/\/www.associations.gouv.fr\/sites\/default\/files\/2025-05\/guide_benevolat_2024-2025.pdf\">le guide du b\u00e9n\u00e9volat<\/a>  \u00bb  souligne l\u2019importance pour l\u2019association de<br> \u00ab d\u00e9signer un valideur CEC parmi ses dirigeants  b\u00e9n\u00e9voles. Il peut s\u2019agir du pr\u00e9sident, d\u2019un membre  du bureau \u00bb.  B\u00e9n\u00e9valibre peut contribuer \u00e0 faciliter cela, m\u00eame dans les associations plus importantes. <\/p>\n\n\n\n<div style=\"height:38px\" aria-hidden=\"true\" class=\"wp-block-spacer\"><\/div>\n\n\n\n<hr class=\"wp-block-separator has-css-opacity is-style-default\"\/>\n\n\n\n<div style=\"height:62px\" aria-hidden=\"true\" class=\"wp-block-spacer\"><\/div>\n\n\n\n<div class=\"wp-block-columns has-2-columns is-layout-flex wp-container-core-columns-is-layout-9d6595d7 wp-block-columns-is-layout-flex\">\n<div class=\"wp-block-column is-layout-flow wp-block-column-is-layout-flow\">\n<p class=\"has-text-align-center\"><strong>Porteur du projet :<\/strong><\/p>\n\n\n<div class=\"wp-block-image\">\n<figure class=\"aligncenter is-resized\"><img loading=\"lazy\" decoding=\"async\" width=\"300\" height=\"175\" src=\"https:\/\/benevalibre.org\/site\/wp-content\/uploads\/2019\/06\/crajep-bourgogne-quadri3-300x175.png\" alt=\"\" class=\"wp-image-58\" style=\"width:136px;height:79px\"\/><\/figure>\n<\/div>\n\n\n<p><\/p>\n<\/div>\n\n\n\n<div class=\"wp-block-column is-layout-flow wp-block-column-is-layout-flow\">\n<p class=\"has-text-align-center\"><strong>Partenaires financiers : <\/strong><\/p>\n\n\n\n<div class=\"wp-block-columns has-2-columns is-layout-flex wp-container-core-columns-is-layout-9d6595d7 wp-block-columns-is-layout-flex\">\n<div class=\"wp-block-column is-layout-flow wp-block-column-is-layout-flow\"><div class=\"wp-block-image\">\n<figure class=\"aligncenter is-resized\"><img loading=\"lazy\" decoding=\"async\" width=\"154\" height=\"116\" src=\"https:\/\/benevalibre.org\/site\/wp-content\/uploads\/2019\/06\/logo.png\" alt=\"\" class=\"wp-image-57\" style=\"width:101px;height:75px\"\/><\/figure>\n<\/div><\/div>\n\n\n\n<div class=\"wp-block-column is-layout-flow wp-block-column-is-layout-flow\"><div class=\"wp-block-image\">\n<figure class=\"aligncenter is-resized\"><img loading=\"lazy\" decoding=\"async\" width=\"2898\" height=\"1022\" src=\"https:\/\/benevalibre.org\/site\/wp-content\/uploads\/2019\/06\/FCC_LOGO_CMJN.jpg\" alt=\"\" class=\"wp-image-132\" style=\"width:163px;height:57px\" srcset=\"https:\/\/benevalibre.org\/site\/wp-content\/uploads\/2019\/06\/FCC_LOGO_CMJN.jpg 2898w, https:\/\/benevalibre.org\/site\/wp-content\/uploads\/2019\/06\/FCC_LOGO_CMJN-300x106.jpg 300w, https:\/\/benevalibre.org\/site\/wp-content\/uploads\/2019\/06\/FCC_LOGO_CMJN-768x271.jpg 768w, https:\/\/benevalibre.org\/site\/wp-content\/uploads\/2019\/06\/FCC_LOGO_CMJN-1024x361.jpg 1024w\" sizes=\"auto, (max-width: 706px) 89vw, (max-width: 767px) 82vw, 740px\" \/><\/figure>\n<\/div><\/div>\n<\/div>\n\n\n<div class=\"wp-block-image\">\n<figure class=\"aligncenter size-thumbnail is-resized\"><img loading=\"lazy\" decoding=\"async\" width=\"150\" height=\"150\" src=\"https:\/\/benevalibre.org\/site\/wp-content\/uploads\/2022\/11\/Prefet_drajes-150x150.png\" alt=\"\" class=\"wp-image-281\" style=\"width:125px;height:125px\" srcset=\"https:\/\/benevalibre.org\/site\/wp-content\/uploads\/2022\/11\/Prefet_drajes-150x150.png 150w, https:\/\/benevalibre.org\/site\/wp-content\/uploads\/2022\/11\/Prefet_drajes-100x100.png 100w\" sizes=\"auto, (max-width: 150px) 100vw, 150px\" \/><\/figure>\n<\/div>\n\n\n<p><\/p>\n\n\n\n<p><\/p>\n<\/div>\n<\/div>\n\n\n\n<p class=\"has-text-align-center\"><strong>Partenaires Experts : <\/strong><\/p>\n\n\n\n<div class=\"wp-block-columns has-2-columns is-layout-flex wp-container-core-columns-is-layout-9d6595d7 wp-block-columns-is-layout-flex\">\n<div class=\"wp-block-column is-layout-flow wp-block-column-is-layout-flow\"><div class=\"wp-block-image\">\n<figure class=\"aligncenter is-resized\"><img loading=\"lazy\" decoding=\"async\" width=\"640\" height=\"288\" src=\"https:\/\/benevalibre.org\/site\/wp-content\/uploads\/2019\/06\/640px-April_logo_for-big-prints_RGB.svg_.png\" alt=\"\" class=\"wp-image-54\" style=\"width:144px;height:64px\" srcset=\"https:\/\/benevalibre.org\/site\/wp-content\/uploads\/2019\/06\/640px-April_logo_for-big-prints_RGB.svg_.png 640w, https:\/\/benevalibre.org\/site\/wp-content\/uploads\/2019\/06\/640px-April_logo_for-big-prints_RGB.svg_-300x135.png 300w\" sizes=\"auto, (max-width: 640px) 100vw, 640px\" \/><\/figure>\n<\/div><\/div>\n\n\n\n<div class=\"wp-block-column is-layout-flow wp-block-column-is-layout-flow\"><div class=\"wp-block-image\">\n<figure class=\"aligncenter is-resized\"><img loading=\"lazy\" decoding=\"async\" width=\"514\" height=\"468\" src=\"https:\/\/benevalibre.org\/site\/wp-content\/uploads\/2019\/06\/biglogo.png\" alt=\"\" class=\"wp-image-55\" style=\"width:75px;height:67px\" srcset=\"https:\/\/benevalibre.org\/site\/wp-content\/uploads\/2019\/06\/biglogo.png 514w, https:\/\/benevalibre.org\/site\/wp-content\/uploads\/2019\/06\/biglogo-300x273.png 300w\" sizes=\"auto, (max-width: 514px) 100vw, 514px\" \/><\/figure>\n<\/div><\/div>\n<\/div>\n","protected":false},"excerpt":{"rendered":"<p>B\u00e9n\u00e9valibre facilite la gestion et la valorisation du b\u00e9n\u00e9volat dans les associations ! La valorisation du b\u00e9n\u00e9volat dans les structures associatives devient de plus en plus n\u00e9cessaire. Par exemple, pour celles qui choisissent de la mon\u00e9tariser, elle permet de relativiser la proportion des subventions des collectivit\u00e9s ou de l\u2019\u00c9tat le cas \u00e9ch\u00e9ant. Pour appr\u00e9hender tous &hellip; <\/p>\n<p class=\"link-more\"><a href=\"https:\/\/benevalibre.org\/site\/\" class=\"more-link\">Continuer la lecture<span class=\"screen-reader-text\"> de &laquo;&nbsp;B\u00e9n\u00e9valibre, un logiciel libre au service des associations&nbsp;&raquo;<\/span><\/a><\/p>\n","protected":false},"author":2,"featured_media":0,"parent":0,"menu_order":0,"comment_status":"closed","ping_status":"closed","template":"","meta":{"inline_featured_image":false,"footnotes":""},"class_list":["post-65","page","type-page","status-publish","hentry"],"_links":{"self":[{"href":"https:\/\/benevalibre.org\/site\/wp-json\/wp\/v2\/pages\/65","targetHints":{"allow":["GET"]}}],"collection":[{"href":"https:\/\/benevalibre.org\/site\/wp-json\/wp\/v2\/pages"}],"about":[{"href":"https:\/\/benevalibre.org\/site\/wp-json\/wp\/v2\/types\/page"}],"author":[{"embeddable":true,"href":"https:\/\/benevalibre.org\/site\/wp-json\/wp\/v2\/users\/2"}],"replies":[{"embeddable":true,"href":"https:\/\/benevalibre.org\/site\/wp-json\/wp\/v2\/comments?post=65"}],"version-history":[{"count":34,"href":"https:\/\/benevalibre.org\/site\/wp-json\/wp\/v2\/pages\/65\/revisions"}],"predecessor-version":[{"id":314,"href":"https:\/\/benevalibre.org\/site\/wp-json\/wp\/v2\/pages\/65\/revisions\/314"}],"wp:attachment":[{"href":"https:\/\/benevalibre.org\/site\/wp-json\/wp\/v2\/media?parent=65"}],"curies":[{"name":"wp","href":"https:\/\/api.w.org\/{rel}","templated":true}]}}