{"id":296,"date":"2023-11-21T14:37:28","date_gmt":"2023-11-21T13:37:28","guid":{"rendered":"https:\/\/benevalibre.org\/site\/?page_id=296"},"modified":"2024-04-30T10:10:45","modified_gmt":"2024-04-30T08:10:45","slug":"tutoriel-association","status":"publish","type":"page","link":"https:\/\/benevalibre.org\/site\/tutoriel-association\/","title":{"rendered":"Prise en main et tutoriels &#8211; Association"},"content":{"rendered":"<div class=\"wp-block-image\">\n<figure class=\"aligncenter size-full\"><img loading=\"lazy\" decoding=\"async\" width=\"141\" height=\"138\" src=\"https:\/\/benevalibre.org\/site\/wp-content\/uploads\/2019\/06\/logo2.png\" alt=\"\" class=\"wp-image-18\"\/><\/figure>\n<\/div>\n\n\n<h2 class=\"wp-block-heading\">Utilisation de B\u00e9n\u00e9valibre par une association <\/h2>\n\n\n\n<p>Deux situations peuvent se pr\u00e9senter : <\/p>\n\n\n\n<ul class=\"wp-block-list\">\n<li><strong>vous connaissez d\u00e9j\u00e0 B\u00e9n\u00e9valibre<\/strong> et vous l&rsquo;avez d\u00e9j\u00e0 utilis\u00e9 au moins an tant que b\u00e9n\u00e9vole. Vous pouvez probablement, si vous vous sentez solide, cr\u00e9er directement l&rsquo;association sur <a href=\"https:\/\/app.benevalibre.org\/\">le site officiel<\/a>. Il s&rsquo;agit du site de production : tout est mis en \u0153uvre pour que vos donn\u00e9es restent vos donn\u00e9es et qu&rsquo;elles soient accessibles \u00e0 tout moment. <strong>Attention, si vous souhaitez cr\u00e9er une association, v\u00e9rifiez bien qu&rsquo;une autre personne n&rsquo;a pas d\u00e9j\u00e0 eu cette id\u00e9e pour votre association ! Utilisez la zone de recherche pour v\u00e9rifier que le nom ou un nom tr\u00e8s proche n&rsquo;existe pas d\u00e9j\u00e0<\/strong> !<\/li>\n\n\n\n<li><strong>vous d\u00e9couvrez B\u00e9n\u00e9valibre et souhaitez \u00e9valuer si cet outil peut \u00eatre pertinent pour votre association.<\/strong> Vous pouvez tester le service  en toute libert\u00e9 avec <a href=\"https:\/\/benevalibre.sloli.fr\/association\/\">le site sp\u00e9cifiquement mis en place<\/a> par CLISS XXI. Attention cependant, les donn\u00e9es sont r\u00e9guli\u00e8rement supprim\u00e9es.<\/li>\n<\/ul>\n\n\n\n<p><strong>L<\/strong>&lsquo;<strong>administration d\u2019une association, la gestion du b\u00e9n\u00e9volat et des utilisateurs, etc. sont d\u00e9crites pr\u00e9cis\u00e9ment dans la <a href=\"https:\/\/app.benevalibre.org\/docs\/index.html\">documentation<\/a>.<\/strong><\/p>\n\n\n\n<p>Mais on ne vous laisse pas seul\u00b7es. En cas de question, vous pouvez aussi utiliser le <strong><a href=\"https:\/\/forum.benevalibre.org\">forum B\u00e9n\u00e9valibre<\/a><\/strong> !<\/p>\n\n\n\n<p><\/p>\n\n\n\n<h2 class=\"wp-block-heading\"><\/h2>\n","protected":false},"excerpt":{"rendered":"<p>Utilisation de B\u00e9n\u00e9valibre par une association Deux situations peuvent se pr\u00e9senter : L&lsquo;administration d\u2019une association, la gestion du b\u00e9n\u00e9volat et des utilisateurs, etc. sont d\u00e9crites pr\u00e9cis\u00e9ment dans la documentation. Mais on ne vous laisse pas seul\u00b7es. En cas de question, vous pouvez aussi utiliser le forum B\u00e9n\u00e9valibre !<\/p>\n","protected":false},"author":2,"featured_media":0,"parent":0,"menu_order":0,"comment_status":"closed","ping_status":"closed","template":"","meta":{"inline_featured_image":false,"footnotes":""},"class_list":["post-296","page","type-page","status-publish","hentry"],"_links":{"self":[{"href":"https:\/\/benevalibre.org\/site\/wp-json\/wp\/v2\/pages\/296","targetHints":{"allow":["GET"]}}],"collection":[{"href":"https:\/\/benevalibre.org\/site\/wp-json\/wp\/v2\/pages"}],"about":[{"href":"https:\/\/benevalibre.org\/site\/wp-json\/wp\/v2\/types\/page"}],"author":[{"embeddable":true,"href":"https:\/\/benevalibre.org\/site\/wp-json\/wp\/v2\/users\/2"}],"replies":[{"embeddable":true,"href":"https:\/\/benevalibre.org\/site\/wp-json\/wp\/v2\/comments?post=296"}],"version-history":[{"count":4,"href":"https:\/\/benevalibre.org\/site\/wp-json\/wp\/v2\/pages\/296\/revisions"}],"predecessor-version":[{"id":307,"href":"https:\/\/benevalibre.org\/site\/wp-json\/wp\/v2\/pages\/296\/revisions\/307"}],"wp:attachment":[{"href":"https:\/\/benevalibre.org\/site\/wp-json\/wp\/v2\/media?parent=296"}],"curies":[{"name":"wp","href":"https:\/\/api.w.org\/{rel}","templated":true}]}}