{"id":251,"date":"2021-09-17T09:37:55","date_gmt":"2021-09-17T07:37:55","guid":{"rendered":"https:\/\/benevalibre.org\/site\/?page_id=251"},"modified":"2022-12-09T11:43:24","modified_gmt":"2022-12-09T10:43:24","slug":"mentions-legales","status":"publish","type":"page","link":"https:\/\/benevalibre.org\/site\/mentions-legales\/","title":{"rendered":"Mentions l\u00e9gales"},"content":{"rendered":"\n<p><strong>Direction de la publication :<\/strong> Corinne MOLINA, pr\u00e9sidente du Crajep BFC<br><strong>Webmaster :<\/strong> Cliss XXI<br><strong>H\u00e9bergeur :<\/strong> Cliss XXI<\/p>\n\n\n\n<p><strong>\u00c9diteur :<\/strong><br>Crajep Bourgogne Franche-Comt\u00e9<br>6 B Boulevard Diderot, <br>25000 BESANCON, France<\/p>\n\n\n\n<p><strong>H\u00e9bergement :<\/strong><br>Cliss XXI<br>SIRET: 453 837 957 00043<br>23 avenue Jean Jaur\u00e8s, 62800 Li\u00e9vin<br>T\u00e9l.: 03 21 45 78 24 &#8211; Fax: 09 57 75 61 41<br>Email: contact@cliss21.com<br>Web: http:\/\/www.cliss21.com &#8211; http:\/\/doc.cliss21.com<\/p>\n\n\n\n<p><strong>Informations personnelles collect\u00e9es<\/strong><\/p>\n\n\n\n<p>En France, les donn\u00e9es personnelles sont notamment prot\u00e9g\u00e9es par la loi n\u00b0\u202f78-17 du 6\u202fjanvier 1978, la loi n\u00b0\u202f2004-801 du 6\u202fao\u00fbt 2004, l\u2019article L.\u202f226-13 du Code p\u00e9nal et la Directive Europ\u00e9enne du 24 \u202foctobre 1995.<\/p>\n\n\n\n<p>En tout \u00e9tat de cause Cliss XXI ne collecte des informations personnelles relatives \u00e0 l\u2019utilisateur<br>(nom, adresse \u00e9lectronique, coordonn\u00e9es t\u00e9l\u00e9phoniques) que pour le besoin des services propos\u00e9s par B\u00e9n\u00e9valibre (l&rsquo;application sur app.benevalibre.fr ; le forum sur forum.benevalibre.fr ; et le site benevalibre.fr) notamment pour l\u2019inscription \u00e0 des espaces de discussion par le biais de formulaires en ligne ou pour des traitements statistiques. L\u2019utilisateur fournit ces informations en toute connaissance de cause, notamment lorsqu\u2019il proc\u00e8de par lui-m\u00eame \u00e0 leur saisie. Il est alors pr\u00e9cis\u00e9 \u00e0 l\u2019utilisateur du service le caract\u00e8re obligatoire ou non des informations qu\u2019il serait amen\u00e9 \u00e0 fournir.<\/p>\n\n\n\n<p><strong>Rectification des informations nominatives collect\u00e9es<\/strong><\/p>\n\n\n\n<p>Conform\u00e9ment aux dispositions de l\u2019article\u202f34 de la loi n\u00b0\u202f48-87 du 6 janvier 1978, l\u2019utilisateur<br>dispose d\u2019un droit de modification des donn\u00e9es nominatives collect\u00e9es le concernant. Pour ce faire, l\u2019utilisateur envoie \u00e0 Cliss XXI\u202f:<\/p>\n\n\n\n<p>\u2014 un courrier \u00e9lectronique en utilisant le formulaire de contact<br>\u2014 un courrier \u00e0 l\u2019adresse du si\u00e8ge de l\u2019association (indiqu\u00e9e ci-dessus) en indiquant son nom ou sa raison sociale, ses coordonn\u00e9es physiques et\/ou \u00e9lectroniques, ainsi que le cas \u00e9ch\u00e9ant la r\u00e9f\u00e9rence dont il disposerait en tant qu\u2019utilisateur.<\/p>\n\n\n\n<p>La modification interviendra dans des d\u00e9lais raisonnables \u00e0 compter de la r\u00e9ception de la demande de l\u2019utilisateur.<\/p>\n\n\n\n<p><strong>Limitation de responsabilit\u00e9<\/strong><\/p>\n\n\n\n<p>Ce site comporte des informations mises \u00e0 disposition par des communaut\u00e9s ou soci\u00e9t\u00e9s externes ou des liens hypertextes vers d\u2019autres sites qui n\u2019ont pas \u00e9t\u00e9 d\u00e9velopp\u00e9s par Cliss XXI. Le contenu mis \u00e0 disposition sur le site est fourni \u00e0 titre informatif. L\u2019existence d\u2019un lien de ce site vers un autre site ne constitue pas une validation de ce site ou de son contenu. Il appartient \u00e0 l\u2019internaute d\u2019utiliser ces informations avec discernement et esprit critique. La responsabilit\u00e9 de Cliss XXI ne saurait \u00eatre engag\u00e9e du fait des informations, opinions et recommandations formul\u00e9es par des tiers.<\/p>\n\n\n\n<p>Cliss XXI ne pourra \u00eatre tenue responsable des dommages directs et indirects caus\u00e9s au mat\u00e9riel de l\u2019utilisateur, lors de l\u2019acc\u00e8s au site, et r\u00e9sultant soit de l\u2019utilisation d\u2019un mat\u00e9riel ne<br>r\u00e9pondant pas aux sp\u00e9cifications techniques requises, soit de l\u2019apparition d\u2019un bug ou d\u2019une<br>incompatibilit\u00e9.<\/p>\n\n\n\n<p>Cliss XXI ne pourra \u00e9galement \u00eatre tenue responsable des dommages indirects (tels par exemple qu\u2019une perte de march\u00e9 ou perte d\u2019une chance) cons\u00e9cutifs \u00e0 l\u2019utilisation du site.<\/p>\n\n\n\n<p>Des espaces interactifs (possibilit\u00e9 de poser des questions dans l\u2019espace contact) sont \u00e0 la<br>disposition des utilisateurs sur le forum forum.benevalibre.fr. Cliss XXI se r\u00e9serve le droit de<br>supprimer, sans mise en demeure pr\u00e9alable, tout contenu d\u00e9pos\u00e9 dans cet espace qui contreviendrait \u00e0 la l\u00e9gislation applicable en France, en particulier aux dispositions relatives \u00e0 la protection des donn\u00e9es. Le cas \u00e9ch\u00e9ant, Cliss XXI se r\u00e9serve \u00e9galement la possibilit\u00e9 de mettre en cause la responsabilit\u00e9 civile et\/ou p\u00e9nale de l\u2019utilisateur, notamment en cas de message \u00e0 caract\u00e8re raciste, injurieux, diffamant, ou pornographique, quel que soit le support utilis\u00e9 (texte, photographie\u2026).<\/p>\n\n\n\n<p><strong>Limitations contractuelles sur les donn\u00e9es techniques<\/strong><\/p>\n\n\n\n<p>Cliss XXI ne pourra \u00eatre tenue responsable de dommages mat\u00e9riels li\u00e9s \u00e0 l\u2019utilisation du site. De plus, l\u2019utilisateur du site s\u2019engage \u00e0 acc\u00e9der au site en utilisant un mat\u00e9riel r\u00e9cent, ne contenant pas de virus et avec un navigateur de derni\u00e8re g\u00e9n\u00e9ration mis-\u00e0-jour.<\/p>\n\n\n\n<p><strong>Propri\u00e9t\u00e9 intellectuelle<\/strong><\/p>\n\n\n\n<p>Les contenus sont publi\u00e9s sous la responsabilit\u00e9 des utilisateurs.<\/p>\n","protected":false},"excerpt":{"rendered":"<p>Direction de la publication : Corinne MOLINA, pr\u00e9sidente du Crajep BFCWebmaster : Cliss XXIH\u00e9bergeur : Cliss XXI \u00c9diteur :Crajep Bourgogne Franche-Comt\u00e96 B Boulevard Diderot, 25000 BESANCON, France H\u00e9bergement :Cliss XXISIRET: 453 837 957 0004323 avenue Jean Jaur\u00e8s, 62800 Li\u00e9vinT\u00e9l.: 03 21 45 78 24 &#8211; Fax: 09 57 75 61 41Email: contact@cliss21.comWeb: http:\/\/www.cliss21.com &#8211; http:\/\/doc.cliss21.com &hellip; <\/p>\n<p class=\"link-more\"><a href=\"https:\/\/benevalibre.org\/site\/mentions-legales\/\" class=\"more-link\">Continuer la lecture<span class=\"screen-reader-text\"> de &laquo;&nbsp;Mentions l\u00e9gales&nbsp;&raquo;<\/span><\/a><\/p>\n","protected":false},"author":2,"featured_media":0,"parent":0,"menu_order":0,"comment_status":"closed","ping_status":"closed","template":"","meta":{"inline_featured_image":false,"footnotes":""},"class_list":["post-251","page","type-page","status-publish","hentry"],"_links":{"self":[{"href":"https:\/\/benevalibre.org\/site\/wp-json\/wp\/v2\/pages\/251","targetHints":{"allow":["GET"]}}],"collection":[{"href":"https:\/\/benevalibre.org\/site\/wp-json\/wp\/v2\/pages"}],"about":[{"href":"https:\/\/benevalibre.org\/site\/wp-json\/wp\/v2\/types\/page"}],"author":[{"embeddable":true,"href":"https:\/\/benevalibre.org\/site\/wp-json\/wp\/v2\/users\/2"}],"replies":[{"embeddable":true,"href":"https:\/\/benevalibre.org\/site\/wp-json\/wp\/v2\/comments?post=251"}],"version-history":[{"count":3,"href":"https:\/\/benevalibre.org\/site\/wp-json\/wp\/v2\/pages\/251\/revisions"}],"predecessor-version":[{"id":286,"href":"https:\/\/benevalibre.org\/site\/wp-json\/wp\/v2\/pages\/251\/revisions\/286"}],"wp:attachment":[{"href":"https:\/\/benevalibre.org\/site\/wp-json\/wp\/v2\/media?parent=251"}],"curies":[{"name":"wp","href":"https:\/\/api.w.org\/{rel}","templated":true}]}}