{"id":193,"date":"2019-10-06T16:52:08","date_gmt":"2019-10-06T14:52:08","guid":{"rendered":"https:\/\/benevalibre.org\/site\/?page_id=193"},"modified":"2022-08-11T11:39:43","modified_gmt":"2022-08-11T09:39:43","slug":"communication","status":"publish","type":"page","link":"https:\/\/benevalibre.org\/site\/communication\/","title":{"rendered":"Communication"},"content":{"rendered":"\n<h4 class=\"wp-block-heading\">Licence d&rsquo;utilisation<\/h4>\n\n\n\n<p>Tous les \u00e9l\u00e9ments de communication disponibles sur ce site ont \u00e9t\u00e9 r\u00e9alis\u00e9s par le Crajep de Bourgogne-Franche-Comt\u00e9 avec le support des membres du comit\u00e9 de pilotage du projet B\u00e9n\u00e9valibre. Le visuels ont \u00e9t\u00e9 r\u00e9alis\u00e9s par Audrey Lecompte.<\/p>\n\n\n\n<p>Les logos de tiers restent la propri\u00e9t\u00e9 de leurs auteurs respectifs et ne sont pas concern\u00e9s par la pr\u00e9sente licence d\u2019utilisation. Nous vous invitons \u00e0 consulter  <a href=\"https:\/\/fr.wikipedia.org\/wiki\/Wikip%C3%A9dia:Autorisation_d%27utilisation_d%27image\/Logo\">cette page de Wikip\u00e9dia<\/a> pour ce qui est des risques juridiques li\u00e9s \u00e0 la reproduction d&rsquo;un logo.<\/p>\n\n\n\n<p>Le Crajep BFC vous encourage \u00e0 t\u00e9l\u00e9charger, utiliser, copier, diffuser et modifier les \u00e9l\u00e9ments de communication disponibles sur ce site selon les termes des trois licences suivantes :<\/p>\n\n\n\n<ul class=\"wp-block-list\"><li> <a href=\"http:\/\/artlibre.org\/licence\/lal\/\">licence Art libre (version 1.3 ou ult\u00e9rieure)<\/a>&nbsp;; <\/li><li> <a href=\"https:\/\/creativecommons.org\/licenses\/by-sa\/2.0\/fr\">licence Creative Commons By Sa (version 2.0 ou ult\u00e9rieure)<\/a>&nbsp;; <\/li><li> <a href=\"https:\/\/www.gnu.org\/licenses\/fdl-1.3.html\">licence GNU FDL (version 1.3 ou ult\u00e9rieure)<\/a>.<\/li><\/ul>\n\n\n\n<p><strong>En cas de r\u00e9utilisation d&rsquo;un \u00e9l\u00e9ment de communication <em>sans modification<\/em>, merci d&rsquo;utiliser la mention suivante :<\/strong><\/p>\n\n\n\n<p>[\u00c9l\u00e9ment de communication] : Crajep BFC. Graphisme : Audrey Lecompte. Licence Art Libre 1.3 ou ult\u00e9rieure \/ Creative Commons Paternit\u00e9, Partage \u00e0 l&rsquo;identique 2.0 ou ult\u00e9rieure \/ GNU FDL 1.3 ou ult\u00e9rieure.<\/p>\n\n\n\n<p>Version abr\u00e9g\u00e9e :<\/p>\n\n\n\n<p>[\u00c9l\u00e9ment de communication] : Crajep BFC. Graphisme : Audrey Lecompte. Licences : LAL 1.3 ou ulter. \/ CC BY-SA 2.0 ou ulter. \/ GFDL 1.3 ou ulter.<\/p>\n\n\n\n<p><strong>En cas de r\u00e9utilisation\/partage d&rsquo;une \u00e9l\u00e9ment de communication <em>modifi\u00e9 par vos soins<\/em>, merci d&rsquo;utiliser la mention suivante :<\/strong><\/p>\n\n\n\n<p>[\u00c9l\u00e9ment de communication] : Crajep BFC. Graphisme : Audrey Lecompte. Licence Art Libre 1.3 ou ult\u00e9rieure \/ Creative Commons Paternit\u00e9, Partage \u00e0 l&rsquo;identique 2.0 ou ult\u00e9rieure \/ GNU FDL 1.3 ou ult\u00e9rieure, modifi\u00e9 par [votre nom\/celui de votre organisation].<\/p>\n\n\n\n<p>Version abr\u00e9g\u00e9e :<\/p>\n\n\n\n<p>[\u00c9l\u00e9ment de communication] : Crajep BFC. Graphisme : Audrey Lecompte. Licences : LAL 1.3 ou ulter. \/ CC BY-SA 2.0 ou ulter. \/ GFDL 1.3 ou ulter., modifi\u00e9 par [votre nom\/celui de votre organisation].<\/p>\n\n\n\n<h2 class=\"wp-block-heading\">Plaquette de pr\u00e9sentation<\/h2>\n\n\n\n<p>Pour une pr\u00e9sentation globale du projet, vous pouvez t\u00e9l\u00e9charger <a href=\"https:\/\/benevalibre.org\/site\/wp-content\/uploads\/2019\/06\/2019-06-29-Livret-presentation-benevalibre.pdf\"><strong>la plaquette<\/strong><\/a>  qui pr\u00e9sente l&rsquo;esprit dans lequel le projet a \u00e9t\u00e9 d\u00e9velopp\u00e9, les  besoins auxquels B\u00e9n\u00e9valibre r\u00e9pond ainsi que les partenaires impliqu\u00e9s  dans le projet.<\/p>\n\n\n\n<h2 class=\"wp-block-heading\">Flyer<\/h2>\n\n\n\n<p>Un <a href=\"https:\/\/benevalibre.org\/site\/wp-content\/uploads\/2022\/06\/Flyer_recto-et-verso_HD-1.pdf\" data-type=\"URL\" data-id=\"https:\/\/benevalibre.org\/site\/wp-content\/uploads\/2022\/06\/Flyer_recto-et-verso_HD-1.pdf\">flyer<\/a> pour distribution lors des \u00e9v\u00e9nements est disponible.<\/p>\n\n\n\n<p><a href=\"https:\/\/benevalibre.org\/site\/wp-content\/uploads\/2022\/08\/flyer-benevalibre_2022-07.zip\">Sources SVG<\/a>.<\/p>\n\n\n\n<h2 class=\"wp-block-heading\">Banni\u00e8res<\/h2>\n\n\n\n<p>Des banni\u00e8res dans divers formats sont mises \u00e0 votre disposition,  avec le code HTML permettant de les ins\u00e9rer dans votre site Web.<\/p>\n\n\n\n<p><\/p>\n\n\n\n<h3 class=\"wp-block-heading\">Format 486&#215;80<\/h3>\n\n\n\n<figure class=\"wp-block-image\"><a href=\"https:\/\/benevalibre.org\/site\/wp-content\/uploads\/2019\/10\/benevalibre_486x80.png\"><img loading=\"lazy\" decoding=\"async\" width=\"486\" height=\"80\" src=\"https:\/\/benevalibre.org\/site\/wp-content\/uploads\/2019\/10\/benevalibre_486x80.png\" alt=\"\" class=\"wp-image-191\" srcset=\"https:\/\/benevalibre.org\/site\/wp-content\/uploads\/2019\/10\/benevalibre_486x80.png 486w, https:\/\/benevalibre.org\/site\/wp-content\/uploads\/2019\/10\/benevalibre_486x80-300x49.png 300w\" sizes=\"auto, (max-width: 486px) 100vw, 486px\" \/><\/a><\/figure>\n\n\n\n<p>Code HTML \u00e0 ins\u00e9rer sur votre site :<\/p>\n\n\n\n<p><code>&lt;a href=\"https:\/\/benevalibre.org\"&gt;&lt;img src=\"https:\/\/benevalibre.org\/site\/wp-content\/uploads\/2019\/10\/benevalibre_486x80.png\" alt=\"B\u00e9n\u00e9valibre\"\/&gt;&lt;\/a&gt;<\/code><\/p>\n\n\n\n<p><a href=\"https:\/\/benevalibre.org\/site\/wp-content\/uploads\/2019\/10\/benevalibre_486x80.svg\">Source SVG.<\/a><\/p>\n\n\n\n<h3 class=\"wp-block-heading\">Format 180&#215;60<\/h3>\n\n\n\n<figure class=\"wp-block-image\"><a href=\"https:\/\/benevalibre.org\/site\/wp-content\/uploads\/2019\/10\/benevalibre_180x60.png\"><img loading=\"lazy\" decoding=\"async\" width=\"180\" height=\"60\" src=\"https:\/\/benevalibre.org\/site\/wp-content\/uploads\/2019\/10\/benevalibre_180x60.png\" alt=\"\" class=\"wp-image-189\"\/><\/a><\/figure>\n\n\n\n<p>Code HTML \u00e0 ins\u00e9rer sur votre site :<\/p>\n\n\n\n<p><code>&lt;a href=\"https:\/\/benevalibre.org\"&gt;&lt;img src=\"https:\/\/benevalibre.org\/site\/wp-content\/uploads\/2019\/10\/benevalibre_180x60.png\" alt=\"B\u00e9n\u00e9valibre\"\/&gt;&lt;\/a&gt;<\/code><\/p>\n\n\n\n<p><a href=\"https:\/\/benevalibre.org\/site\/wp-content\/uploads\/2019\/10\/benevalibre_180x60.svg\">Source SVG.<\/a><\/p>\n\n\n\n<h2 class=\"wp-block-heading\">Logo<\/h2>\n\n\n\n<h3 class=\"wp-block-heading\">Format  200&#215;200<\/h3>\n\n\n\n<figure class=\"wp-block-image\"><a href=\"https:\/\/benevalibre.org\/site\/wp-content\/uploads\/2019\/10\/benevalibre_200x200.png\"><img loading=\"lazy\" decoding=\"async\" width=\"200\" height=\"200\" src=\"https:\/\/benevalibre.org\/site\/wp-content\/uploads\/2019\/10\/benevalibre_200x200.png\" alt=\"\" class=\"wp-image-190\" srcset=\"https:\/\/benevalibre.org\/site\/wp-content\/uploads\/2019\/10\/benevalibre_200x200.png 200w, https:\/\/benevalibre.org\/site\/wp-content\/uploads\/2019\/10\/benevalibre_200x200-150x150.png 150w, https:\/\/benevalibre.org\/site\/wp-content\/uploads\/2019\/10\/benevalibre_200x200-100x100.png 100w\" sizes=\"auto, (max-width: 200px) 100vw, 200px\" \/><\/a><\/figure>\n\n\n\n<figure class=\"wp-block-image\"><img loading=\"lazy\" decoding=\"async\" width=\"120\" height=\"240\" src=\"https:\/\/benevalibre.org\/site\/wp-content\/uploads\/2019\/10\/benevalibre_120x240.png\" alt=\"\" class=\"wp-image-188\"\/><\/figure>\n\n\n\n<p>Code HTML \u00e0 ins\u00e9rer sur votre site :<\/p>\n\n\n\n<p><code>&lt;a href=\"https:\/\/benevalibre.org\"&gt;&lt;img src=\"https:\/\/benevalibre.org\/site\/wp-content\/uploads\/2019\/10\/benevalibre_200x200.png\" alt=\"B\u00e9n\u00e9valibre\"\/&gt;&lt;\/a&gt;<\/code><\/p>\n\n\n\n<p><a href=\"https:\/\/benevalibre.org\/site\/wp-content\/uploads\/2019\/10\/benevalibre_200x200.svg\">Source SVG.<\/a><\/p>\n\n\n\n<h3 class=\"wp-block-heading\">Format 120&#215;240<\/h3>\n\n\n\n<figure class=\"wp-block-image\"><img loading=\"lazy\" decoding=\"async\" width=\"120\" height=\"240\" src=\"https:\/\/benevalibre.org\/site\/wp-content\/uploads\/2019\/10\/benevalibre_120x240.png\" alt=\"\" class=\"wp-image-188\"\/><\/figure>\n\n\n\n<figure class=\"wp-block-image\"><img loading=\"lazy\" decoding=\"async\" width=\"120\" height=\"240\" src=\"https:\/\/benevalibre.org\/site\/wp-content\/uploads\/2019\/10\/benevalibre_120x240-1.png\" alt=\"\" class=\"wp-image-196\"\/><\/figure>\n\n\n\n<p>Code HTML \u00e0 ins\u00e9rer sur votre site :<\/p>\n\n\n\n<p><code>&lt;a href=\"https:\/\/benevalibre.org\"&gt;&lt;img src=\"https:\/\/benevalibre.org\/site\/wp-content\/uploads\/2019\/10\/benevalibre_120x240.png\" alt=\"B\u00e9n\u00e9valibre\"\/&gt;&lt;\/a&gt;<\/code><\/p>\n\n\n\n<p><a href=\"https:\/\/benevalibre.org\/site\/wp-content\/uploads\/2019\/10\/benevalibre_120x240.svg\">Source SVG.<\/a><\/p>\n\n\n\n<h3 class=\"wp-block-heading\">Format bouton<\/h3>\n\n\n\n<figure class=\"wp-block-image\"><a href=\"https:\/\/benevalibre.org\/site\/wp-content\/uploads\/2019\/10\/benevalibre_bouton.png\"><img loading=\"lazy\" decoding=\"async\" width=\"80\" height=\"15\" src=\"https:\/\/benevalibre.org\/site\/wp-content\/uploads\/2019\/10\/benevalibre_bouton.png\" alt=\"\" class=\"wp-image-192\"\/><\/a><\/figure>\n\n\n\n<p>Code HTML \u00e0 ins\u00e9rer sur votre site :<\/p>\n\n\n\n<p><code>&lt;a href=\"https:\/\/benevalibre.org\"&gt;&lt;img src=\"https:\/\/benevalibre.org\/site\/wp-content\/uploads\/2019\/10\/benevalibre_bouton.png\" alt=\"B\u00e9n\u00e9valibre\"\/&gt;&lt;\/a&gt;<\/code><\/p>\n\n\n\n<p><a href=\"https:\/\/benevalibre.org\/site\/wp-content\/uploads\/2019\/10\/benevalibre_bouton.svg\">Source SVG.<\/a><\/p>\n","protected":false},"excerpt":{"rendered":"<p>Licence d&rsquo;utilisation Tous les \u00e9l\u00e9ments de communication disponibles sur ce site ont \u00e9t\u00e9 r\u00e9alis\u00e9s par le Crajep de Bourgogne-Franche-Comt\u00e9 avec le support des membres du comit\u00e9 de pilotage du projet B\u00e9n\u00e9valibre. Le visuels ont \u00e9t\u00e9 r\u00e9alis\u00e9s par Audrey Lecompte. Les logos de tiers restent la propri\u00e9t\u00e9 de leurs auteurs respectifs et ne sont pas concern\u00e9s &hellip; <\/p>\n<p class=\"link-more\"><a href=\"https:\/\/benevalibre.org\/site\/communication\/\" class=\"more-link\">Continuer la lecture<span class=\"screen-reader-text\"> de &laquo;&nbsp;Communication&nbsp;&raquo;<\/span><\/a><\/p>\n","protected":false},"author":2,"featured_media":0,"parent":0,"menu_order":0,"comment_status":"closed","ping_status":"closed","template":"","meta":{"inline_featured_image":false,"footnotes":""},"class_list":["post-193","page","type-page","status-publish","hentry"],"_links":{"self":[{"href":"https:\/\/benevalibre.org\/site\/wp-json\/wp\/v2\/pages\/193","targetHints":{"allow":["GET"]}}],"collection":[{"href":"https:\/\/benevalibre.org\/site\/wp-json\/wp\/v2\/pages"}],"about":[{"href":"https:\/\/benevalibre.org\/site\/wp-json\/wp\/v2\/types\/page"}],"author":[{"embeddable":true,"href":"https:\/\/benevalibre.org\/site\/wp-json\/wp\/v2\/users\/2"}],"replies":[{"embeddable":true,"href":"https:\/\/benevalibre.org\/site\/wp-json\/wp\/v2\/comments?post=193"}],"version-history":[{"count":27,"href":"https:\/\/benevalibre.org\/site\/wp-json\/wp\/v2\/pages\/193\/revisions"}],"predecessor-version":[{"id":275,"href":"https:\/\/benevalibre.org\/site\/wp-json\/wp\/v2\/pages\/193\/revisions\/275"}],"wp:attachment":[{"href":"https:\/\/benevalibre.org\/site\/wp-json\/wp\/v2\/media?parent=193"}],"curies":[{"name":"wp","href":"https:\/\/api.w.org\/{rel}","templated":true}]}}