{"id":151,"date":"2019-07-02T16:47:09","date_gmt":"2019-07-02T14:47:09","guid":{"rendered":"https:\/\/benevalibre.org\/site\/?page_id=151"},"modified":"2019-07-02T16:47:09","modified_gmt":"2019-07-02T14:47:09","slug":"code-source-du-logiciel","status":"publish","type":"page","link":"https:\/\/benevalibre.org\/site\/code-source-du-logiciel\/","title":{"rendered":"Code source du logiciel"},"content":{"rendered":"\n<p>B\u00e9n\u00e9valibre est diffus\u00e9 sous la <a href=\"https:\/\/forge.cliss21.org\/cliss21\/benevalibre\/src\/branch\/master\/LICENSE\">licence publique g\u00e9n\u00e9rale GNU Affero<\/a>. Le code source est disponible sur la <a href=\"https:\/\/forge.cliss21.org\/cliss21\/benevalibre\/\">forge de Cliss XXI<\/a>, sur laquelle vous pouvez t\u00e9l\u00e9charger le code ou cl\u00f4ner le d\u00e9p\u00f4t de version.<\/p>\n\n\n\n<div class=\"wp-block-image\"><figure class=\"aligncenter\"><a href=\"https:\/\/forge.cliss21.org\/cliss21\/benevalibre\/\"><img loading=\"lazy\" decoding=\"async\" width=\"141\" height=\"138\" src=\"https:\/\/benevalibre.org\/site\/wp-content\/uploads\/2019\/07\/logo_dl.png\" alt=\"Cliquez pour acc\u00e9der au t\u00e9l\u00e9chargement.\" class=\"wp-image-161\"\/><\/a><\/figure><\/div>\n\n\n\n<p>Les fichiers <a href=\"https:\/\/forge.cliss21.org\/cliss21\/benevalibre\/src\/branch\/master\/README.fr.md\">README.fr.md<\/a> et <a href=\"https:\/\/forge.cliss21.org\/cliss21\/benevalibre\/src\/branch\/master\/README.md\">README.md<\/a> fournissent les instructions pour tester localement le projet, aussi bien que pour monter une instance sur une serveur bas\u00e9 sur <a href=\"https:\/\/www.debian.org\/\">Debian GNU\/Linux<\/a>.<\/p>\n\n\n\n<ul class=\"wp-block-gallery columns-2 is-cropped wp-block-gallery-1 is-layout-flex wp-block-gallery-is-layout-flex\"><li class=\"blocks-gallery-item\"><figure><img loading=\"lazy\" decoding=\"async\" width=\"240\" height=\"120\" src=\"https:\/\/benevalibre.org\/site\/wp-content\/uploads\/2019\/07\/python-powered-w-200x80.png\" alt=\"\" data-id=\"159\" data-link=\"https:\/\/benevalibre.org\/site\/python-powered-w-200x80\/\" class=\"wp-image-159\"\/><\/figure><\/li><li class=\"blocks-gallery-item\"><figure><img loading=\"lazy\" decoding=\"async\" width=\"1024\" height=\"512\" src=\"https:\/\/benevalibre.org\/site\/wp-content\/uploads\/2019\/07\/django-logo-positive-1024x512.png\" alt=\"\" data-id=\"155\" data-link=\"https:\/\/benevalibre.org\/site\/django-logo-positive\/\" class=\"wp-image-155\" srcset=\"https:\/\/benevalibre.org\/site\/wp-content\/uploads\/2019\/07\/django-logo-positive-1024x512.png 1024w, https:\/\/benevalibre.org\/site\/wp-content\/uploads\/2019\/07\/django-logo-positive-300x150.png 300w, https:\/\/benevalibre.org\/site\/wp-content\/uploads\/2019\/07\/django-logo-positive-768x384.png 768w, https:\/\/benevalibre.org\/site\/wp-content\/uploads\/2019\/07\/django-logo-positive.png 1400w\" sizes=\"auto, (max-width: 706px) 89vw, (max-width: 767px) 82vw, 740px\" \/><\/figure><\/li><\/ul>\n\n\n\n<p>B\u00e9n\u00e9valibre est principalement programm\u00e9 dans le langage <a href=\"https:\/\/www.python.org\">Python<\/a>, \u00e0 l&rsquo;aide du cadriciel <a href=\"https:\/\/www.djangoproject.com\">Django<\/a> et quelques applications annexes. Les composants web (css, js) sont bas\u00e9s sur <a href=\"https:\/\/getbootstrap.com\/\">Bootstrap<\/a>.<\/p>\n","protected":false},"excerpt":{"rendered":"<p>B\u00e9n\u00e9valibre est diffus\u00e9 sous la licence publique g\u00e9n\u00e9rale GNU Affero. Le code source est disponible sur la forge de Cliss XXI, sur laquelle vous pouvez t\u00e9l\u00e9charger le code ou cl\u00f4ner le d\u00e9p\u00f4t de version. Les fichiers README.fr.md et README.md fournissent les instructions pour tester localement le projet, aussi bien que pour monter une instance sur &hellip; <\/p>\n<p class=\"link-more\"><a href=\"https:\/\/benevalibre.org\/site\/code-source-du-logiciel\/\" class=\"more-link\">Continuer la lecture<span class=\"screen-reader-text\"> de &laquo;&nbsp;Code source du logiciel&nbsp;&raquo;<\/span><\/a><\/p>\n","protected":false},"author":2,"featured_media":0,"parent":0,"menu_order":0,"comment_status":"closed","ping_status":"closed","template":"","meta":{"inline_featured_image":false,"footnotes":""},"class_list":["post-151","page","type-page","status-publish","hentry"],"_links":{"self":[{"href":"https:\/\/benevalibre.org\/site\/wp-json\/wp\/v2\/pages\/151","targetHints":{"allow":["GET"]}}],"collection":[{"href":"https:\/\/benevalibre.org\/site\/wp-json\/wp\/v2\/pages"}],"about":[{"href":"https:\/\/benevalibre.org\/site\/wp-json\/wp\/v2\/types\/page"}],"author":[{"embeddable":true,"href":"https:\/\/benevalibre.org\/site\/wp-json\/wp\/v2\/users\/2"}],"replies":[{"embeddable":true,"href":"https:\/\/benevalibre.org\/site\/wp-json\/wp\/v2\/comments?post=151"}],"version-history":[{"count":4,"href":"https:\/\/benevalibre.org\/site\/wp-json\/wp\/v2\/pages\/151\/revisions"}],"predecessor-version":[{"id":163,"href":"https:\/\/benevalibre.org\/site\/wp-json\/wp\/v2\/pages\/151\/revisions\/163"}],"wp:attachment":[{"href":"https:\/\/benevalibre.org\/site\/wp-json\/wp\/v2\/media?parent=151"}],"curies":[{"name":"wp","href":"https:\/\/api.w.org\/{rel}","templated":true}]}}